{"id":9032,"date":"2019-09-04T15:12:29","date_gmt":"2019-09-04T14:12:29","guid":{"rendered":"https:\/\/www.terzer.it\/impressum-copy-2\/"},"modified":"2019-10-30T10:25:03","modified_gmt":"2019-10-30T09:25:03","slug":"colophone","status":"publish","type":"page","link":"https:\/\/www.terzer.it\/it\/colophone\/","title":{"rendered":"Colophone"},"content":{"rendered":"<p>[vc_row row_content_width=&#8221;grid&#8221; row_btt_skin=&#8221;light&#8221; row_background_text_position=&#8221;front&#8221;][vc_column]<div class=\"mkdf-elements-holder   mkdf-one-column  mkdf-responsive-mode-768 \" ><div class=\"mkdf-eh-item    \"  data-item-class=\"mkdf-eh-custom-9412\">\n\t<div class=\"mkdf-eh-item-inner\">\n\t\t<div class=\"mkdf-eh-item-content mkdf-eh-custom-9412\" >\n\t\t\t[vc_column_text]<\/p>\n<p>EDITORE: Materiali edili Roman Terzer Srl<\/p>\n<p>REDATORI RESPONSABILI PER IL CONTENUTO: Julia Terzer, Roman Terzer<\/p>\n<p>AMMINISTRATORE: Julia Terzer<\/p>\n<p>PARITA IVA E REG. C.C.I.A.A.: IT01156180216 BZ \u2013 104163<\/p>\n<p>PEC: rterzer@legalmail.it<br \/>\nSDI: T04ZHR3<\/p>\n<p>CAPITALE &#8211; SOCIET\u00c0: \u20ac 1.500.000<\/p>\n<p>PRIVACY: <a href=\"https:\/\/www.terzer.it\/it\/privacy\/\">GDPR &amp; Informativa trattamento dati<\/a><\/p>\n<p>DIRITTO D&#8217;AUTORE. Tutti i testi, le immagini e gli elementi grafici delLa Roman Terzer Srl, delle imprese e delle persone rappresentate di questo sito web nonch\u00e9 del rispettivo server, ove non diversamente specificato, sono protetti dal diritto d\u2019autore. Qualsiasi utilizzo di parti e di pagine di questo sito e di questo server al di fuori dei limiti della legge sul diritto d\u2019autore non \u00e8 concesso senza la previa autorizzazione delle persone summenzionate.<\/p>\n<p>ESCLUSIONE DI GARANZIE E DI RESPONSBILIT\u00c0. La Roman Terzer Srl declina ogni responsabilit\u00e0 o garanzia in merito alla correttezza, il contenuto, la completezza, la legalit\u00e0, l\u2019affidabilit\u00e0, la funzionalit\u00e0 o la disponibilit\u00e0 delle informazioni pubblicate su questo sito. La Roman Terzer Srl dichiara esplicitamente di non assumersi alcuna responsabilit\u00e0 o garanzia per i negozi giuridici tra imprese, persone o terzi che si vengono a creare attraverso questo sito.<\/p>\n<p>I contenuti di pagine appartenenti a terzi, che rinviano al sito delLa Roman Terzer Srl, sono di responsabilit\u00e0 del fornitore o del gestore delle pagine in questione. La Roman Terzer Srl non \u00e8 responsabile per il contenuto dei siti di terzi. In aggiunta a ci\u00f2, il sito delLa Roman Terzer Srl pu\u00f2 essere integrato a propria insaputa in pagine web estranee mediante link\/frame. La Roman Terzer Srl non si assume alcuna responsabilit\u00e0 per rappresentazioni, contenuti o collegamenti al proprio sito web sulle pagine Internet di terzi.<\/p>\n<p>INFORMAZIONI IN BASE ALLA LEGGE SUI SERVIZI TELEMATICI : La Roman Terzer Srl \u00e8 responsabile per i contenuti estranei (anche se di tipo illegale o punibile) soltanto qualora \u00e8 a conoscenza di tali contenuti (ovvero quando \u00e8 stata informata per iscritto dai gestori di queste pagine web) e qualora La Roman Terzer Srl sia tecnicamente in grado di impedire il loro utilizzo. Tuttavia, ai sensi della legge sui servizi telematici, La Roman Terzer Srl non \u00e8 obbligata a verificare continuamente i contenuti dei siti estranei in questione.<\/p>\n<p>MODIFICHE AL SITO: La Roman Terzer Srl ha il diritto di modificare di tanto in tanto il contenuto del sito senza dover fornire spiegazioni o comunicazioni, ivi compreso il diritto di dichiararne la sua inefficacia senza dover assumere responsabilit\u00e0 nei confronti degli utenti o di terzi.<\/p>\n<p>[\/vc_column_text]\t\t<\/div>\n\t<\/div>\n<\/div><\/div>[\/vc_column][\/vc_row]<\/p>\n","protected":false},"excerpt":{"rendered":"<p>[vc_row row_content_width=&#8221;grid&#8221; row_btt_skin=&#8221;light&#8221; row_background_text_position=&#8221;front&#8221;][vc_column][\/vc_column][\/vc_row]<\/p>\n","protected":false},"author":1,"featured_media":0,"parent":0,"menu_order":0,"comment_status":"closed","ping_status":"closed","template":"full-width.php","meta":{"_exactmetrics_skip_tracking":false,"_exactmetrics_sitenote_active":false,"_exactmetrics_sitenote_note":"","_exactmetrics_sitenote_category":0,"footnotes":""},"yoast_head":"<!-- This site is optimized with the Yoast SEO plugin v22.3 - https:\/\/yoast.com\/wordpress\/plugins\/seo\/ -->\n<title>Colophone - Baustoffe | Materiali edili Roman Terzer<\/title>\n<meta name=\"description\" content=\"Nel nostro colophone trovate tutte le informazioni legali relevanti che riguardano la ditta Terzer.\" \/>\n<meta name=\"robots\" content=\"index, follow, max-snippet:-1, max-image-preview:large, max-video-preview:-1\" \/>\n<link rel=\"canonical\" href=\"https:\/\/www.terzer.it\/it\/colophone\/\" \/>\n<meta property=\"og:locale\" content=\"it_IT\" \/>\n<meta property=\"og:type\" content=\"article\" \/>\n<meta property=\"og:title\" content=\"Colophone - Baustoffe | Materiali edili Roman Terzer\" \/>\n<meta property=\"og:description\" content=\"Nel nostro colophone trovate tutte le informazioni legali relevanti che riguardano la ditta Terzer.\" \/>\n<meta property=\"og:url\" content=\"https:\/\/www.terzer.it\/it\/colophone\/\" \/>\n<meta property=\"og:site_name\" content=\"Baustoffe | Materiali edili Roman Terzer\" \/>\n<meta property=\"article:modified_time\" content=\"2019-10-30T09:25:03+00:00\" \/>\n<meta name=\"twitter:card\" content=\"summary_large_image\" \/>\n<meta name=\"twitter:label1\" content=\"Tempo di lettura stimato\" \/>\n\t<meta name=\"twitter:data1\" content=\"2 minuti\" \/>\n<script type=\"application\/ld+json\" class=\"yoast-schema-graph\">{\"@context\":\"https:\/\/schema.org\",\"@graph\":[{\"@type\":\"WebPage\",\"@id\":\"https:\/\/www.terzer.it\/it\/colophone\/\",\"url\":\"https:\/\/www.terzer.it\/it\/colophone\/\",\"name\":\"Colophone - Baustoffe | Materiali edili Roman Terzer\",\"isPartOf\":{\"@id\":\"https:\/\/terzer.it\/#website\"},\"datePublished\":\"2019-09-04T14:12:29+00:00\",\"dateModified\":\"2019-10-30T09:25:03+00:00\",\"description\":\"Nel nostro colophone trovate tutte le informazioni legali relevanti che riguardano la ditta Terzer.\",\"breadcrumb\":{\"@id\":\"https:\/\/www.terzer.it\/it\/colophone\/#breadcrumb\"},\"inLanguage\":\"it-IT\",\"potentialAction\":[{\"@type\":\"ReadAction\",\"target\":[\"https:\/\/www.terzer.it\/it\/colophone\/\"]}]},{\"@type\":\"BreadcrumbList\",\"@id\":\"https:\/\/www.terzer.it\/it\/colophone\/#breadcrumb\",\"itemListElement\":[{\"@type\":\"ListItem\",\"position\":1,\"name\":\"Startseite\",\"item\":\"https:\/\/terzer.it\/\"},{\"@type\":\"ListItem\",\"position\":2,\"name\":\"Colophone\"}]},{\"@type\":\"WebSite\",\"@id\":\"https:\/\/terzer.it\/#website\",\"url\":\"https:\/\/terzer.it\/\",\"name\":\"Baustoffe | Materiali edili Roman Terzer\",\"description\":\"Baustoffhandel | Materiali edilli - Eisen | Ferro - Beratung | Consulenza\",\"publisher\":{\"@id\":\"https:\/\/terzer.it\/#organization\"},\"potentialAction\":[{\"@type\":\"SearchAction\",\"target\":{\"@type\":\"EntryPoint\",\"urlTemplate\":\"https:\/\/terzer.it\/?s={search_term_string}\"},\"query-input\":\"required name=search_term_string\"}],\"inLanguage\":\"it-IT\"},{\"@type\":\"Organization\",\"@id\":\"https:\/\/terzer.it\/#organization\",\"name\":\"Baustoffe Roman Terzer GmbH\",\"url\":\"https:\/\/terzer.it\/\",\"logo\":{\"@type\":\"ImageObject\",\"inLanguage\":\"it-IT\",\"@id\":\"https:\/\/terzer.it\/#\/schema\/logo\/image\/\",\"url\":\"https:\/\/195.231.50.101\/wp-content\/uploads\/2019\/08\/Logo_Men\u00fc_302x701_Zeichenfl\u00e4che-1.jpg\",\"contentUrl\":\"https:\/\/195.231.50.101\/wp-content\/uploads\/2019\/08\/Logo_Men\u00fc_302x701_Zeichenfl\u00e4che-1.jpg\",\"width\":302,\"height\":70,\"caption\":\"Baustoffe Roman Terzer GmbH\"},\"image\":{\"@id\":\"https:\/\/terzer.it\/#\/schema\/logo\/image\/\"}}]}<\/script>\n<!-- \/ Yoast SEO plugin. -->","yoast_head_json":{"title":"Colophone - Baustoffe | Materiali edili Roman Terzer","description":"Nel nostro colophone trovate tutte le informazioni legali relevanti che riguardano la ditta Terzer.","robots":{"index":"index","follow":"follow","max-snippet":"max-snippet:-1","max-image-preview":"max-image-preview:large","max-video-preview":"max-video-preview:-1"},"canonical":"https:\/\/www.terzer.it\/it\/colophone\/","og_locale":"it_IT","og_type":"article","og_title":"Colophone - Baustoffe | Materiali edili Roman Terzer","og_description":"Nel nostro colophone trovate tutte le informazioni legali relevanti che riguardano la ditta Terzer.","og_url":"https:\/\/www.terzer.it\/it\/colophone\/","og_site_name":"Baustoffe | Materiali edili Roman Terzer","article_modified_time":"2019-10-30T09:25:03+00:00","twitter_card":"summary_large_image","twitter_misc":{"Tempo di lettura stimato":"2 minuti"},"schema":{"@context":"https:\/\/schema.org","@graph":[{"@type":"WebPage","@id":"https:\/\/www.terzer.it\/it\/colophone\/","url":"https:\/\/www.terzer.it\/it\/colophone\/","name":"Colophone - Baustoffe | Materiali edili Roman Terzer","isPartOf":{"@id":"https:\/\/terzer.it\/#website"},"datePublished":"2019-09-04T14:12:29+00:00","dateModified":"2019-10-30T09:25:03+00:00","description":"Nel nostro colophone trovate tutte le informazioni legali relevanti che riguardano la ditta Terzer.","breadcrumb":{"@id":"https:\/\/www.terzer.it\/it\/colophone\/#breadcrumb"},"inLanguage":"it-IT","potentialAction":[{"@type":"ReadAction","target":["https:\/\/www.terzer.it\/it\/colophone\/"]}]},{"@type":"BreadcrumbList","@id":"https:\/\/www.terzer.it\/it\/colophone\/#breadcrumb","itemListElement":[{"@type":"ListItem","position":1,"name":"Startseite","item":"https:\/\/terzer.it\/"},{"@type":"ListItem","position":2,"name":"Colophone"}]},{"@type":"WebSite","@id":"https:\/\/terzer.it\/#website","url":"https:\/\/terzer.it\/","name":"Baustoffe | Materiali edili Roman Terzer","description":"Baustoffhandel | Materiali edilli - Eisen | Ferro - Beratung | Consulenza","publisher":{"@id":"https:\/\/terzer.it\/#organization"},"potentialAction":[{"@type":"SearchAction","target":{"@type":"EntryPoint","urlTemplate":"https:\/\/terzer.it\/?s={search_term_string}"},"query-input":"required name=search_term_string"}],"inLanguage":"it-IT"},{"@type":"Organization","@id":"https:\/\/terzer.it\/#organization","name":"Baustoffe Roman Terzer GmbH","url":"https:\/\/terzer.it\/","logo":{"@type":"ImageObject","inLanguage":"it-IT","@id":"https:\/\/terzer.it\/#\/schema\/logo\/image\/","url":"https:\/\/195.231.50.101\/wp-content\/uploads\/2019\/08\/Logo_Men\u00fc_302x701_Zeichenfl\u00e4che-1.jpg","contentUrl":"https:\/\/195.231.50.101\/wp-content\/uploads\/2019\/08\/Logo_Men\u00fc_302x701_Zeichenfl\u00e4che-1.jpg","width":302,"height":70,"caption":"Baustoffe Roman Terzer GmbH"},"image":{"@id":"https:\/\/terzer.it\/#\/schema\/logo\/image\/"}}]}},"_links":{"self":[{"href":"https:\/\/www.terzer.it\/it\/wp-json\/wp\/v2\/pages\/9032"}],"collection":[{"href":"https:\/\/www.terzer.it\/it\/wp-json\/wp\/v2\/pages"}],"about":[{"href":"https:\/\/www.terzer.it\/it\/wp-json\/wp\/v2\/types\/page"}],"author":[{"embeddable":true,"href":"https:\/\/www.terzer.it\/it\/wp-json\/wp\/v2\/users\/1"}],"replies":[{"embeddable":true,"href":"https:\/\/www.terzer.it\/it\/wp-json\/wp\/v2\/comments?post=9032"}],"version-history":[{"count":2,"href":"https:\/\/www.terzer.it\/it\/wp-json\/wp\/v2\/pages\/9032\/revisions"}],"predecessor-version":[{"id":10397,"href":"https:\/\/www.terzer.it\/it\/wp-json\/wp\/v2\/pages\/9032\/revisions\/10397"}],"wp:attachment":[{"href":"https:\/\/www.terzer.it\/it\/wp-json\/wp\/v2\/media?parent=9032"}],"curies":[{"name":"wp","href":"https:\/\/api.w.org\/{rel}","templated":true}]}}